{"id":198,"date":"2020-07-21T07:18:04","date_gmt":"2020-07-21T07:18:04","guid":{"rendered":"http:\/\/discgolf-bochum.de\/?page_id=198"},"modified":"2023-08-23T17:58:10","modified_gmt":"2023-08-23T17:58:10","slug":"scheibenverleih","status":"publish","type":"page","link":"https:\/\/discgolf-bochum.de\/?page_id=198","title":{"rendered":"Scheibenverleih"},"content":{"rendered":"\n<p>Discgolf f\u00fcr Jedermann!<\/p>\n\n\n\n<p>Bist du daran interessiert auch einmal Discgolf auszuprobieren? Alleine oder auch mit deiner Familie? Kein Problem! Denn an der Minigolfanlage im Volkspark Langendreer k\u00f6nnt ihr euch kostenlos (gegen Pfand) einen 2er-Satz Discs ausleihen. Mit Scorekarte und \u00dcbersichtskarte geht es dann auf die Runde. Wir w\u00fcnschen euch viel Spa\u00df!<\/p>\n\n\n\n<p>Die aktuellen \u00d6ffnungszeiten der Minigolfanlage f\u00fcr den Scheibenverleih findet ihr auf <a href=\"http:\/\/bgsc-bochum.de\/einlasszeiten\/\" target=\"_blank\" rel=\"noreferrer noopener\">http:\/\/bgsc-bochum.de\/einlasszeiten\/<\/a> <\/p>\n\n\n\n<p>Solltet ihr Fragen zu unserem geliebten Sport haben stehen wir euch gerne per Email oder den Kontaktformular zur Verf\u00fcgung.<\/p>\n\n\n\n<figure class=\"wp-block-image size-large\"><img loading=\"lazy\" decoding=\"async\" width=\"960\" height=\"568\" src=\"https:\/\/discgolf-bochum.de\/wp-content\/uploads\/2020\/07\/103389043_1384346078441736_6595623810806290852_n.jpg\" alt=\"\" class=\"wp-image-201\" srcset=\"https:\/\/discgolf-bochum.de\/wp-content\/uploads\/2020\/07\/103389043_1384346078441736_6595623810806290852_n.jpg 960w, https:\/\/discgolf-bochum.de\/wp-content\/uploads\/2020\/07\/103389043_1384346078441736_6595623810806290852_n-300x178.jpg 300w, https:\/\/discgolf-bochum.de\/wp-content\/uploads\/2020\/07\/103389043_1384346078441736_6595623810806290852_n-768x454.jpg 768w, https:\/\/discgolf-bochum.de\/wp-content\/uploads\/2020\/07\/103389043_1384346078441736_6595623810806290852_n-830x491.jpg 830w, https:\/\/discgolf-bochum.de\/wp-content\/uploads\/2020\/07\/103389043_1384346078441736_6595623810806290852_n-230x136.jpg 230w, https:\/\/discgolf-bochum.de\/wp-content\/uploads\/2020\/07\/103389043_1384346078441736_6595623810806290852_n-350x207.jpg 350w, https:\/\/discgolf-bochum.de\/wp-content\/uploads\/2020\/07\/103389043_1384346078441736_6595623810806290852_n-480x284.jpg 480w\" sizes=\"auto, (max-width: 960px) 100vw, 960px\" \/><figcaption class=\"wp-element-caption\">Pressetext: Seit dem Sp\u00e4tsommer 2019 bietet der LFC Laer 06 e.V. im Volkspark Langendreer die relativ neue Sportart \u201eDiscgolf\u201c an. In Kooperation mit den Betreibern der Minigolfanlange wurde ein Verleih von Wurfscheiben (Discs) f\u00fcr interessierte B\u00fcrgerinnen und B\u00fcrger organisiert. Auf Antrag von Rot-Gr\u00fcn, hat die Beziksvertretung Bochum-Ost 600 Euro f\u00fcr die Anschaffung von 50 Leih-Discs bereitgestellt. Gestern fand nun die \u00dcbergabe durch unsere Bezirksb\u00fcrgermeisterin Andrea Busche an den Bahnengolf-Club, vertreten durch den Vorsitzenden Alfred P\u00f6ppe, statt. Nat\u00fcrlich alles unter Beachtung der Abstands- und Hygieneregeln! Wer mag, kann diese tolle Sportart ab sofort ausprobieren. Die Discs werden nach Abgabe eines Pfands (20 Euro oder Personalausweis) kostenlos ausgegeben.<\/figcaption><\/figure>\n\n\n\n<p><\/p>\n","protected":false},"excerpt":{"rendered":"<p>Discgolf f\u00fcr Jedermann! Bist du daran interessiert auch einmal Discgolf auszuprobieren? Alleine oder auch mit deiner Familie? Kein Problem! Denn an der [&hellip;]<\/p>\n","protected":false},"author":1,"featured_media":0,"parent":0,"menu_order":0,"comment_status":"closed","ping_status":"closed","template":"","meta":{"footnotes":""},"class_list":["post-198","page","type-page","status-publish","hentry"],"_links":{"self":[{"href":"https:\/\/discgolf-bochum.de\/index.php?rest_route=\/wp\/v2\/pages\/198","targetHints":{"allow":["GET"]}}],"collection":[{"href":"https:\/\/discgolf-bochum.de\/index.php?rest_route=\/wp\/v2\/pages"}],"about":[{"href":"https:\/\/discgolf-bochum.de\/index.php?rest_route=\/wp\/v2\/types\/page"}],"author":[{"embeddable":true,"href":"https:\/\/discgolf-bochum.de\/index.php?rest_route=\/wp\/v2\/users\/1"}],"replies":[{"embeddable":true,"href":"https:\/\/discgolf-bochum.de\/index.php?rest_route=%2Fwp%2Fv2%2Fcomments&post=198"}],"version-history":[{"count":10,"href":"https:\/\/discgolf-bochum.de\/index.php?rest_route=\/wp\/v2\/pages\/198\/revisions"}],"predecessor-version":[{"id":348,"href":"https:\/\/discgolf-bochum.de\/index.php?rest_route=\/wp\/v2\/pages\/198\/revisions\/348"}],"wp:attachment":[{"href":"https:\/\/discgolf-bochum.de\/index.php?rest_route=%2Fwp%2Fv2%2Fmedia&parent=198"}],"curies":[{"name":"wp","href":"https:\/\/api.w.org\/{rel}","templated":true}]}}